{"id":2565,"date":"2024-05-23T09:21:24","date_gmt":"2024-05-23T09:21:24","guid":{"rendered":"https:\/\/beizjaegerin.at\/?page_id=2565"},"modified":"2024-05-23T12:22:33","modified_gmt":"2024-05-23T12:22:33","slug":"zwinger","status":"publish","type":"page","link":"https:\/\/beizjaegerin.at\/?page_id=2565","title":{"rendered":"Zwinger"},"content":{"rendered":"<div data-colibri-id=\"2565-c1\" class=\"style-1816 style-local-2565-c1 position-relative\">\n  <!---->\n  <div data-colibri-component=\"section\" data-colibri-id=\"2565-c2\" id=\"about\" class=\"h-section h-section-global-spacing d-flex align-items-lg-center align-items-md-center align-items-center style-1817 style-local-2565-c2 position-relative\">\n    <!---->\n    <!---->\n    <div class=\"h-section-grid-container h-section-boxed-container\">\n      <!---->\n      <div data-colibri-id=\"2565-c3\" class=\"h-row-container gutters-row-lg-0 gutters-row-md-0 gutters-row-0 gutters-row-v-lg-0 gutters-row-v-md-0 gutters-row-v-0 style-1818 style-local-2565-c3 position-relative\">\n        <!---->\n        <div class=\"h-row justify-content-lg-center justify-content-md-center justify-content-center align-items-lg-stretch align-items-md-stretch align-items-stretch gutters-col-lg-0 gutters-col-md-0 gutters-col-0 gutters-col-v-lg-0 gutters-col-v-md-0 gutters-col-v-0\">\n          <!---->\n          <div class=\"h-column h-column-container d-flex h-col-lg-auto h-col-md-auto h-col-auto style-1819-outer style-local-2565-c4-outer\">\n            <div data-colibri-id=\"2565-c4\" class=\"d-flex h-flex-basis h-column__inner h-px-lg-0 h-px-md-0 h-px-0 v-inner-lg-0 v-inner-md-0 v-inner-0 style-1819 style-local-2565-c4 position-relative\">\n              <!---->\n              <!---->\n              <div class=\"w-100 h-y-container h-column__content h-column__v-align flex-basis-100 align-self-lg-start align-self-md-start align-self-start\">\n                <!---->\n                <div data-colibri-id=\"2565-c5\" class=\"h-global-transition-all h-heading style-1820 style-local-2565-c5 position-relative h-element\">\n                  <!---->\n                  <div class=\"h-heading__outer style-1820 style-local-2565-c5\">\n                    <!---->\n                    <!---->\n                    <h3 class=\"\">\u00dcber mich<\/h3>\n                  <\/div>\n                <\/div>\n                <div data-colibri-id=\"2565-c6\" class=\"h-text h-text-component style-1822 style-local-2565-c6 position-relative h-element\">\n                  <!---->\n                  <!---->\n                  <div class=\"\">\n                    <p>Obwohl ich in der Gro\u00dfstadt aufwuchs, waren Naturverbudenheit und Tierliebe ganz wichtige Themen in meiner Kindheit.<\/p>\n                    <p>Als ich w\u00e4hrend meinem Studium die Liebe zur Falknerei entdeckte, erkannte ich, dass die Jagd zu meinen Werten kein Widerspruch ist, sondern eine optimale Erg\u00e4nzung.<\/p>\n                    <p>Die ersten Jahre meines J\u00e4gerlebens stand allerdings die Beizjagd, also die Jagd mit dem abgetragenen Greifvogel im Vordergrund. Meine st\u00e4ndigen Begleiter waren&nbsp;W\u00fcstenbussard Dyami und Epagneul Breton H\u00fcndin Aida.<\/p>\n                    <p>2017 stie\u00df dann Gro\u00dfe M\u00fcnsterl\u00e4nderh\u00fcndin Gaby zu unserem Team. Eigentlich wollte ich nur einen zweiten Hund, aber ihre Kooperationsbereitschaft und Leistung spornten mich zu immer neuen Schritten an und so landeten wir gemeinsam in\n                      einer Jagdlichen Leistungszucht. Mehr dazu nachzulesen auf der Seite&nbsp;\n                      <a href=\"https:\/\/beizjaegerin.at?page_id=2170\">Gaby<\/a>\n                      <br>\n                    <\/p>\n                  <\/div>\n                <\/div>\n              <\/div>\n            <\/div>\n          <\/div>\n          <div class=\"h-column h-column-container d-flex h-col-lg-auto h-col-md-auto h-col-auto style-1823-outer style-local-2565-c7-outer\">\n            <div data-colibri-id=\"2565-c7\" class=\"d-flex h-flex-basis h-column__inner h-ui-empty-state-container h-px-lg-2 h-px-md-2 h-px-2 v-inner-lg-2 v-inner-md-2 v-inner-2 style-1823 style-local-2565-c7 position-relative\">\n              <!---->\n              <!---->\n              <div class=\"w-100 h-y-container h-column__content h-column__v-align flex-basis-100\">\n                <!---->\n              <\/div>\n            <\/div>\n          <\/div>\n        <\/div>\n      <\/div>\n    <\/div>\n  <\/div>\n  <div data-colibri-component=\"section\" data-colibri-id=\"2565-c8\" id=\"about-2\" class=\"h-section h-section-global-spacing d-flex align-items-lg-center align-items-md-center align-items-center style-1826 style-local-2565-c8 position-relative\">\n    <!---->\n    <!---->\n    <div class=\"h-section-grid-container h-section-boxed-container\">\n      <!---->\n      <div data-colibri-id=\"2565-c9\" class=\"h-row-container gutters-row-lg-0 gutters-row-md-0 gutters-row-0 gutters-row-v-lg-0 gutters-row-v-md-0 gutters-row-v-0 style-1827 style-local-2565-c9 position-relative\">\n        <!---->\n        <div class=\"h-row justify-content-lg-center justify-content-md-center justify-content-center align-items-lg-stretch align-items-md-stretch align-items-stretch gutters-col-lg-0 gutters-col-md-0 gutters-col-0 gutters-col-v-lg-0 gutters-col-v-md-0 gutters-col-v-0\">\n          <!---->\n          <div class=\"h-column h-column-container d-flex h-col-lg-auto h-col-md-auto h-col-auto style-1828-outer style-local-2565-c10-outer\">\n            <div data-colibri-id=\"2565-c10\" class=\"d-flex h-flex-basis h-column__inner h-ui-empty-state-container h-px-lg-0 h-px-md-0 h-px-0 v-inner-lg-0 v-inner-md-0 v-inner-0 style-1828 style-local-2565-c10 position-relative\">\n              <!---->\n              <!---->\n              <div class=\"w-100 h-y-container h-column__content h-column__v-align flex-basis-100\">\n                <!---->\n              <\/div>\n            <\/div>\n          <\/div>\n          <div class=\"h-column h-column-container d-flex h-col-lg-auto h-col-md-auto h-col-auto style-1829-outer style-local-2565-c11-outer\">\n            <div data-colibri-id=\"2565-c11\" class=\"d-flex h-flex-basis h-column__inner h-px-lg-2 h-px-md-2 h-px-2 v-inner-lg-2 v-inner-md-2 v-inner-2 style-1829 style-local-2565-c11 position-relative\">\n              <!---->\n              <!---->\n              <div class=\"w-100 h-y-container h-column__content h-column__v-align flex-basis-100 align-self-lg-start align-self-md-start align-self-start\">\n                <!---->\n                <div data-colibri-id=\"2565-c12\" class=\"h-global-transition-all h-heading style-1830 style-local-2565-c12 position-relative h-element\">\n                  <!---->\n                  <div class=\"h-heading__outer style-1830 style-local-2565-c12\">\n                    <!---->\n                    <!---->\n                    <h3 class=\"\">Der Zwinger<\/h3>\n                  <\/div>\n                <\/div>\n                <div data-colibri-id=\"2565-c13\" class=\"h-text h-text-component style-1832 style-local-2565-c13 position-relative h-element\">\n                  <!---->\n                  <!---->\n                  <div class=\"\">\n                    <p>Da meine Aktivit\u00e4t als Falknerin der Einstieg in die Welt der Jagd und des Hundewesens war, spiegelt sich das auch im FCI Zwingernamen &#8222;von der Beizj\u00e4gerin&#8220; wieder.<\/p>\n                    <p>Das Logo meines Zwingers zieren mein erster eigener Greifvogel, W\u00fcstenbussard Dyami, sowie meine erste Gro\u00dfer M\u00fcnsterl\u00e4nder Zuchth\u00fcndin vW Gaby vom Tannermoor.<\/p>\n                    <p>\n                      <br>\n                    <\/p>\n                    <p>\n                      <br>\n                    <\/p>\n                  <\/div>\n                <\/div>\n              <\/div>\n            <\/div>\n          <\/div>\n        <\/div>\n      <\/div>\n    <\/div>\n  <\/div>\n<\/div>","protected":false},"excerpt":{"rendered":"<p>\u00dcber mich Obwohl ich in der Gro\u00dfstadt aufwuchs, waren Naturverbudenheit und Tierliebe ganz wichtige Themen in meiner Kindheit. Als ich w\u00e4hrend meinem Studium die Liebe zur Falknerei entdeckte, erkannte ich, dass die Jagd zu meinen Werten kein Widerspruch ist, sondern eine optimale Erg\u00e4nzung. Die ersten Jahre meines J\u00e4gerlebens stand allerdings die Beizjagd, also die Jagd [&hellip;]<\/p>\n","protected":false},"author":1,"featured_media":2568,"parent":0,"menu_order":0,"comment_status":"closed","ping_status":"closed","template":"page-templates\/full-width-page.php","meta":{"footnotes":""},"class_list":["post-2565","page","type-page","status-publish","has-post-thumbnail","hentry"],"_links":{"self":[{"href":"https:\/\/beizjaegerin.at\/index.php?rest_route=\/wp\/v2\/pages\/2565","targetHints":{"allow":["GET"]}}],"collection":[{"href":"https:\/\/beizjaegerin.at\/index.php?rest_route=\/wp\/v2\/pages"}],"about":[{"href":"https:\/\/beizjaegerin.at\/index.php?rest_route=\/wp\/v2\/types\/page"}],"author":[{"embeddable":true,"href":"https:\/\/beizjaegerin.at\/index.php?rest_route=\/wp\/v2\/users\/1"}],"replies":[{"embeddable":true,"href":"https:\/\/beizjaegerin.at\/index.php?rest_route=%2Fwp%2Fv2%2Fcomments&post=2565"}],"version-history":[{"count":2,"href":"https:\/\/beizjaegerin.at\/index.php?rest_route=\/wp\/v2\/pages\/2565\/revisions"}],"predecessor-version":[{"id":2576,"href":"https:\/\/beizjaegerin.at\/index.php?rest_route=\/wp\/v2\/pages\/2565\/revisions\/2576"}],"wp:featuredmedia":[{"embeddable":true,"href":"https:\/\/beizjaegerin.at\/index.php?rest_route=\/wp\/v2\/media\/2568"}],"wp:attachment":[{"href":"https:\/\/beizjaegerin.at\/index.php?rest_route=%2Fwp%2Fv2%2Fmedia&parent=2565"}],"curies":[{"name":"wp","href":"https:\/\/api.w.org\/{rel}","templated":true}]}}